{"id":2,"date":"2016-05-10T03:48:21","date_gmt":"2016-05-10T03:48:21","guid":{"rendered":"http:\/\/adasco.pt\/?page_id=2"},"modified":"2025-11-26T16:35:26","modified_gmt":"2025-11-26T16:35:26","slug":"sample-page","status":"publish","type":"page","link":"https:\/\/adasco.pt\/","title":{"rendered":"Ao servi\u00e7o da comunidade!"},"content":{"rendered":"\n<div class=\"wp-block-cover alignfull has-custom-content-position is-position-center-left\" style=\"min-height:698px;aspect-ratio:unset;\"><img loading=\"lazy\" decoding=\"async\" width=\"960\" height=\"360\" class=\"wp-block-cover__image-background wp-image-335 size-full\" alt=\"\" src=\"https:\/\/adasco.pt\/wp-content\/uploads\/2025\/11\/261149313_2548767281925227_3292233032886164206_n.jpg\" data-object-fit=\"cover\" srcset=\"https:\/\/adasco.pt\/wp-content\/uploads\/2025\/11\/261149313_2548767281925227_3292233032886164206_n.jpg 960w, https:\/\/adasco.pt\/wp-content\/uploads\/2025\/11\/261149313_2548767281925227_3292233032886164206_n-300x113.jpg 300w, https:\/\/adasco.pt\/wp-content\/uploads\/2025\/11\/261149313_2548767281925227_3292233032886164206_n-768x288.jpg 768w\" sizes=\"auto, (max-width: 960px) 100vw, 960px\" \/><span aria-hidden=\"true\" class=\"wp-block-cover__background has-background-dim\" style=\"background-color:#6b787c\"><\/span><div class=\"wp-block-cover__inner-container is-layout-flow wp-block-cover-is-layout-flow\">\n<p class=\"has-text-align-center has-large-font-size\"><\/p>\n<\/div><\/div>\n\n\n\n<div class=\"wp-block-group is-vertical is-layout-flex wp-container-core-group-is-layout-8cf370e7 wp-block-group-is-layout-flex\"><\/div>\n\n\n\n<p class=\"has-accent-color has-background-background-color has-text-color has-background has-larger-font-size\"><\/p>\n\n\n\n<figure class=\"wp-block-gallery has-nested-images columns-default is-cropped wp-block-gallery-1 is-layout-flex wp-block-gallery-is-layout-flex\">\n<figure class=\"wp-block-image size-large\"><img loading=\"lazy\" decoding=\"async\" width=\"1024\" height=\"576\" data-id=\"195\" src=\"http:\/\/adasco.pt\/wp-content\/uploads\/2021\/12\/1-7-1024x576.png\" alt=\"\" class=\"wp-image-195\" srcset=\"https:\/\/adasco.pt\/wp-content\/uploads\/2021\/12\/1-7-1024x576.png 1024w, https:\/\/adasco.pt\/wp-content\/uploads\/2021\/12\/1-7-300x169.png 300w, https:\/\/adasco.pt\/wp-content\/uploads\/2021\/12\/1-7-768x432.png 768w, https:\/\/adasco.pt\/wp-content\/uploads\/2021\/12\/1-7-1536x864.png 1536w, https:\/\/adasco.pt\/wp-content\/uploads\/2021\/12\/1-7-1200x675.png 1200w, https:\/\/adasco.pt\/wp-content\/uploads\/2021\/12\/1-7.png 1920w\" sizes=\"auto, (max-width: 1024px) 100vw, 1024px\" \/><\/figure>\n<\/figure>\n\n\n\n<figure class=\"wp-block-image size-large\"><img loading=\"lazy\" decoding=\"async\" width=\"724\" height=\"1024\" src=\"https:\/\/adasco.pt\/wp-content\/uploads\/2023\/11\/Cartaz-turismo-divulgacao-passeio-cidade-fotografia-azul-e-amarelo-2-724x1024.png\" alt=\"\" class=\"wp-image-256\" srcset=\"https:\/\/adasco.pt\/wp-content\/uploads\/2023\/11\/Cartaz-turismo-divulgacao-passeio-cidade-fotografia-azul-e-amarelo-2-724x1024.png 724w, https:\/\/adasco.pt\/wp-content\/uploads\/2023\/11\/Cartaz-turismo-divulgacao-passeio-cidade-fotografia-azul-e-amarelo-2-212x300.png 212w, https:\/\/adasco.pt\/wp-content\/uploads\/2023\/11\/Cartaz-turismo-divulgacao-passeio-cidade-fotografia-azul-e-amarelo-2-768x1086.png 768w, https:\/\/adasco.pt\/wp-content\/uploads\/2023\/11\/Cartaz-turismo-divulgacao-passeio-cidade-fotografia-azul-e-amarelo-2-1086x1536.png 1086w, https:\/\/adasco.pt\/wp-content\/uploads\/2023\/11\/Cartaz-turismo-divulgacao-passeio-cidade-fotografia-azul-e-amarelo-2-1448x2048.png 1448w, https:\/\/adasco.pt\/wp-content\/uploads\/2023\/11\/Cartaz-turismo-divulgacao-passeio-cidade-fotografia-azul-e-amarelo-2-1200x1698.png 1200w, https:\/\/adasco.pt\/wp-content\/uploads\/2023\/11\/Cartaz-turismo-divulgacao-passeio-cidade-fotografia-azul-e-amarelo-2.png 1587w\" sizes=\"auto, (max-width: 724px) 100vw, 724px\" \/><\/figure>\n\n\n\n<figure class=\"wp-block-image size-large\"><img loading=\"lazy\" decoding=\"async\" width=\"724\" height=\"1024\" src=\"https:\/\/adasco.pt\/wp-content\/uploads\/2024\/03\/2024-724x1024.png\" alt=\"\" class=\"wp-image-271\" srcset=\"https:\/\/adasco.pt\/wp-content\/uploads\/2024\/03\/2024-724x1024.png 724w, https:\/\/adasco.pt\/wp-content\/uploads\/2024\/03\/2024-212x300.png 212w, https:\/\/adasco.pt\/wp-content\/uploads\/2024\/03\/2024-768x1086.png 768w, https:\/\/adasco.pt\/wp-content\/uploads\/2024\/03\/2024-1086x1536.png 1086w, https:\/\/adasco.pt\/wp-content\/uploads\/2024\/03\/2024-1200x1697.png 1200w, https:\/\/adasco.pt\/wp-content\/uploads\/2024\/03\/2024.png 1414w\" sizes=\"auto, (max-width: 724px) 100vw, 724px\" \/><\/figure>\n\n\n\n<figure class=\"wp-block-gallery has-nested-images columns-default is-cropped wp-block-gallery-2 is-layout-flex wp-block-gallery-is-layout-flex\">\n<figure class=\"wp-block-image size-large\"><img loading=\"lazy\" decoding=\"async\" width=\"1024\" height=\"609\" data-id=\"196\" src=\"http:\/\/adasco.pt\/wp-content\/uploads\/2021\/12\/Sem-Titulo-1024x609.png\" alt=\"\" class=\"wp-image-196\" srcset=\"https:\/\/adasco.pt\/wp-content\/uploads\/2021\/12\/Sem-Titulo-1024x609.png 1024w, https:\/\/adasco.pt\/wp-content\/uploads\/2021\/12\/Sem-Titulo-300x178.png 300w, https:\/\/adasco.pt\/wp-content\/uploads\/2021\/12\/Sem-Titulo-768x457.png 768w, https:\/\/adasco.pt\/wp-content\/uploads\/2021\/12\/Sem-Titulo.png 1027w\" sizes=\"auto, (max-width: 1024px) 100vw, 1024px\" \/><\/figure>\n<\/figure>\n\n\n\n<figure class=\"wp-block-gallery has-nested-images columns-default is-cropped wp-block-gallery-3 is-layout-flex wp-block-gallery-is-layout-flex\"><\/figure>\n\n\n\n<h6 class=\"wp-block-heading\">Livro de Reclama\u00e7\u00f5es Online atrav\u00e9s do link: <a href=\"https:\/\/www.livroreclamacoes.pt\/INICIO\/\" data-type=\"link\" data-id=\"https:\/\/www.livroreclamacoes.pt\/INICIO\/\">https:\/\/www.livroreclamacoes.pt\/INICIO\/<\/a><\/h6>\n\n\n\n<figure class=\"wp-block-image size-large\"><img loading=\"lazy\" decoding=\"async\" width=\"1024\" height=\"587\" src=\"http:\/\/adasco.pt\/wp-content\/uploads\/2023\/08\/imagens-_-site-1-1-1024x587.png\" alt=\"\" class=\"wp-image-239\" srcset=\"https:\/\/adasco.pt\/wp-content\/uploads\/2023\/08\/imagens-_-site-1-1-1024x587.png 1024w, https:\/\/adasco.pt\/wp-content\/uploads\/2023\/08\/imagens-_-site-1-1-300x172.png 300w, https:\/\/adasco.pt\/wp-content\/uploads\/2023\/08\/imagens-_-site-1-1-768x440.png 768w, https:\/\/adasco.pt\/wp-content\/uploads\/2023\/08\/imagens-_-site-1-1-1536x880.png 1536w, https:\/\/adasco.pt\/wp-content\/uploads\/2023\/08\/imagens-_-site-1-1-2048x1173.png 2048w, https:\/\/adasco.pt\/wp-content\/uploads\/2023\/08\/imagens-_-site-1-1-1200x687.png 1200w, https:\/\/adasco.pt\/wp-content\/uploads\/2023\/08\/imagens-_-site-1-1-1980x1134.png 1980w\" sizes=\"auto, (max-width: 1024px) 100vw, 1024px\" \/><\/figure>\n","protected":false},"excerpt":{"rendered":"<p>Livro de Reclama\u00e7\u00f5es Online atrav\u00e9s do link: https:\/\/www.livroreclamacoes.pt\/INICIO\/<\/p>\n","protected":false},"author":1,"featured_media":0,"parent":0,"menu_order":0,"comment_status":"closed","ping_status":"open","template":"","meta":{"footnotes":""},"class_list":["post-2","page","type-page","status-publish","hentry"],"_links":{"self":[{"href":"https:\/\/adasco.pt\/index.php?rest_route=\/wp\/v2\/pages\/2","targetHints":{"allow":["GET"]}}],"collection":[{"href":"https:\/\/adasco.pt\/index.php?rest_route=\/wp\/v2\/pages"}],"about":[{"href":"https:\/\/adasco.pt\/index.php?rest_route=\/wp\/v2\/types\/page"}],"author":[{"embeddable":true,"href":"https:\/\/adasco.pt\/index.php?rest_route=\/wp\/v2\/users\/1"}],"replies":[{"embeddable":true,"href":"https:\/\/adasco.pt\/index.php?rest_route=%2Fwp%2Fv2%2Fcomments&post=2"}],"version-history":[{"count":32,"href":"https:\/\/adasco.pt\/index.php?rest_route=\/wp\/v2\/pages\/2\/revisions"}],"predecessor-version":[{"id":338,"href":"https:\/\/adasco.pt\/index.php?rest_route=\/wp\/v2\/pages\/2\/revisions\/338"}],"wp:attachment":[{"href":"https:\/\/adasco.pt\/index.php?rest_route=%2Fwp%2Fv2%2Fmedia&parent=2"}],"curies":[{"name":"wp","href":"https:\/\/api.w.org\/{rel}","templated":true}]}}